{"id":1483,"date":"2022-03-13T21:37:58","date_gmt":"2022-03-14T03:37:58","guid":{"rendered":"https:\/\/sde.guanajuato.gob.mx\/sdes\/?page_id=1483"},"modified":"2026-03-20T09:01:07","modified_gmt":"2026-03-20T15:01:07","slug":"enlaces-laborales","status":"publish","type":"page","link":"https:\/\/sde.guanajuato.gob.mx\/sdes\/enlaces-laborales\/","title":{"rendered":"Enlaces Laborales"},"content":{"rendered":"<p>[vc_row full_width=\u00bbstretch_row_content_no_spaces\u00bb css=\u00bb.vc_custom_1601173836376{margin-top: -38px !important;}\u00bb][vc_column][vc_single_image image=\u00bb1487&#8243; img_size=\u00bbfull\u00bb alignment=\u00bbcenter\u00bb][\/vc_column][\/vc_row][vc_row][vc_column][vc_single_image image=\u00bb491&#8243; img_size=\u00bbfull\u00bb alignment=\u00bbcenter\u00bb css_animation=\u00bbfadeInLeft\u00bb][vc_column_text css=\u00bb.vc_custom_1647234654987{margin-right: 50px !important;margin-left: 50px !important;}\u00bb]<\/p>\n<p style=\"font-size: 15px; text-align: left;\">Acercar alternativas de trabajo para que la poblaci\u00f3n buscadora de empleo pueda vincularse de manera \u00e1gil y oportuna mediante la realizaci\u00f3n de eventos masivos que posibiliten que se encuentren oferentes y demandantes de empleo al mismo tiempo y en un mismo lugar.<\/p>\n<p>[\/vc_column_text][\/vc_column][\/vc_row][vc_row][vc_column width=\u00bb1\/2&#8243;][vc_single_image image=\u00bb1521&#8243; img_size=\u00bbfull\u00bb alignment=\u00bbcenter\u00bb css_animation=\u00bbfadeInLeft\u00bb][vc_column_text css=\u00bb.vc_custom_1647236450594{margin-right: 50px !important;margin-left: 50px !important;}\u00bb]<\/p>\n<p style=\"font-size: 15px; text-align: left;\">A todas las personas solicitantes de empleo, quienes podr\u00e1n asistir a las instalaciones donde se lleven a cabo los eventos durante las fechas y horarios establecidos, en los cuales recibir\u00e1n atenci\u00f3n personal de representantes de los empleadores(as) participantes, a fin de vincularse en forma directa para posibilitar su contrataci\u00f3n en un puesto de trabajo.<\/p>\n<p>[\/vc_column_text][\/vc_column][vc_column width=\u00bb1\/2&#8243;][vc_single_image image=\u00bb1529&#8243; img_size=\u00bbfull\u00bb alignment=\u00bbcenter\u00bb css_animation=\u00bbfadeInLeft\u00bb][vc_column_text css=\u00bb.vc_custom_1738789968283{margin-right: 50px !important;margin-left: 50px !important;}\u00bb]<\/p>\n<ol>\n<li><span style=\"color: #000000;\">Acudir a cualquier Coordinaci\u00f3n Regional de Empleo de la SE o bien,\u00a0 registrase en l\u00ednea para obtener el folio de registro de evento.<\/span><\/li>\n<li><span style=\"color: #000000;\">Acudir el d\u00eda del evento, donde las y los asistentes tendr\u00e1n la posibilidad de entrevistarse directamente con los responsables de la selecci\u00f3n de las empresas participantes, a quienes entregar\u00e1n su solicitud de empleo y la documentaci\u00f3n soporte.<\/span><\/li>\n<li><span style=\"color: #000000;\">Dar seguimiento a la colocaci\u00f3n.<\/span><\/li>\n<\/ol>\n<p>[\/vc_column_text][\/vc_column][\/vc_row][vc_row][vc_column width=\u00bb1\/2&#8243;][vc_single_image image=\u00bb1531&#8243; img_size=\u00bbfull\u00bb alignment=\u00bbcenter\u00bb css_animation=\u00bbfadeInLeft\u00bb][vc_tta_accordion color=\u00bborange\u00bb active_section=\u00bb\u00bb][vc_tta_section title=\u00bbPARA EMPLEADORES\u00bb tab_id=\u00bb1647235468726-7fe1fe7b-be06&#8243;][vc_column_text]<\/p>\n<ul>\n<li><span style=\"color: #000000;\">Ofrecer vacantes que cumplan con las condiciones establecidas en la Ley Federal del Trabajo.<\/span><\/li>\n<li><span style=\"color: #000000;\">Proporcionar datos generales (domicilio, RFC, contacto, etc.)<\/span><\/li>\n<\/ul>\n<p>[\/vc_column_text][\/vc_tta_section][vc_tta_section title=\u00bbPARA BUSCADORES DE EMPLEO\u00bb tab_id=\u00bb1647235468728-37db71bc-eb90&#8243;][vc_column_text]<\/p>\n<ul>\n<li><span style=\"color: #000000;\">Ser mayor de 18 a\u00f1os.<\/span><\/li>\n<li><span style=\"color: #000000;\">Registrar su participaci\u00f3n a trav\u00e9s del portal de Ferias <a style=\"color: #000000;\" href=\"http:\/\/ferias.empleo.gob.mx\">http:\/\/ferias.empleo.gob.mx<\/a> o de manera presencial durante el evento.<\/span><\/li>\n<li><span style=\"color: #000000;\">Presentar identificaci\u00f3n oficial vigente.<\/span><\/li>\n<\/ul>\n<p>[\/vc_column_text][\/vc_tta_section][\/vc_tta_accordion][\/vc_column][vc_column width=\u00bb1\/2&#8243;][vc_single_image image=\u00bb1528&#8243; img_size=\u00bbfull\u00bb alignment=\u00bbcenter\u00bb css_animation=\u00bbfadeInLeft\u00bb][vc_btn title=\u00bbFormato SNE &#8211; 01&#8243; style=\u00bboutline-custom\u00bb outline_custom_color=\u00bb#000f9f\u00bb outline_custom_hover_background=\u00bbrgba(0,102,255,0.9)\u00bb outline_custom_hover_text=\u00bb#ffffff\u00bb align=\u00bbcenter\u00bb i_icon_fontawesome=\u00bbfar fa-file-alt\u00bb button_block=\u00bbtrue\u00bb add_icon=\u00bbtrue\u00bb link=\u00bburl:https%3A%2F%2Fsde.guanajuato.gob.mx%2Fsdes%2Fwp-content%2Fuploads%2F2025%2F04%2FFormato_SNE_01.pdf||target:%20_blank|\u00bb][vc_column_text css=\u00bb.vc_custom_1647236074873{margin-right: 50px !important;margin-left: 50px !important;}\u00bb]<\/p>\n<p style=\"font-size: 15px; text-align: left;\">Para m\u00e1s informaci\u00f3n visita: <a href=\"http:\/\/ferias.empleo.gob.mx\">http:\/\/ferias.empleo.gob.mx<\/a><\/p>\n<p><strong>NOTA:<\/strong> El servicio de vinculaci\u00f3n laboral es gratuito[\/vc_column_text][\/vc_column][\/vc_row][vc_row][vc_column][vc_empty_space height=\u00bbpx\u00bb][vc_single_image image=\u00bb332&#8243; img_size=\u00bbfull\u00bb alignment=\u00bbcenter\u00bb css_animation=\u00bbfadeInDown\u00bb][\/vc_column][\/vc_row][vc_row content_placement=\u00bbmiddle\u00bb][vc_column][vc_tta_tabs style=\u00bbmodern\u00bb color=\u00bborange\u00bb spacing=\u00bb3&#8243; active_section=\u00bb1&#8243; no_fill_content_area=\u00bbtrue\u00bb][vc_tta_section title=\u00bbCelaya\u00bb tab_id=\u00bb1600752322068-76f6150d-defd\u00bb][vc_column_text]<\/p>\n<p style=\"text-align: center;\">Direcci\u00f3n Regional de Empleo\u00a0<strong>Celaya<\/strong><\/p>\n<p style=\"text-align: center;\"><strong>Director:<\/strong><\/p>\n<p style=\"text-align: center;\">Mtro. Mariano Zavala D\u00edaz<\/p>\n<p style=\"text-align: center;\"><strong>Direcci\u00f3n:<\/strong><\/p>\n<p style=\"text-align: center;\">P\u00edpila esquina Ignacio Camargo 1er piso Edificio de Gobierno.<\/p>\n<p style=\"text-align: center;\"><strong>Tel\u00e9fonos:<\/strong><\/p>\n<p style=\"text-align: center;\">(461) 61 3 36 91 y (461) 61 2 09 55<\/p>\n<p style=\"text-align: center;\"><strong>Horarios de atenci\u00f3n:<\/strong><\/p>\n<p style=\"text-align: center;\">De lunes a viernes de 8:30 a 16:30 hrs.<\/p>\n<p style=\"text-align: center;\"><strong>Correo:<\/strong><\/p>\n<p style=\"text-align: center;\">mzavalad@guanajuato.gob.mx<\/p>\n<p style=\"text-align: center;\"><strong>Cobertura en los municipios de:<\/strong><\/p>\n<p style=\"text-align: center;\">(Celaya, Comonfort, Cortazar, Apaseo el Grande, Apaseo el Alto, Tarimoro, Salvatierra, Ac\u00e1mbaro, Jer\u00e9cuaro, Coroneo y Tarandacuao)<\/p>\n<p>[\/vc_column_text][\/vc_tta_section][vc_tta_section title=\u00bbGuanajuato\u00bb tab_id=\u00bb1600752305098-7f5df34f-bc4a\u00bb][vc_column_text]<\/p>\n<p style=\"text-align: center;\">Direcci\u00f3n Regional de Empleo\u00a0<strong>Guanajuato<\/strong><\/p>\n<p style=\"text-align: center;\"><strong>Director:<\/strong><\/p>\n<p style=\"text-align: center;\">C.P. Carlos Enrique Pimentel Faes<\/p>\n<p style=\"text-align: center;\"><strong>Direcci\u00f3n:<\/strong><\/p>\n<p style=\"text-align: center;\">Galarza #. 88 Planta baja Zona centro.<\/p>\n<p style=\"text-align: center;\"><strong>Tel\u00e9fonos:<\/strong><\/p>\n<p style=\"text-align: center;\">(473) 732-2984 y 732-4943.<\/p>\n<p style=\"text-align: center;\"><strong>Horarios de atenci\u00f3n:<\/strong><\/p>\n<p style=\"text-align: center;\">De lunes a viernes de 8:30 a 16:30 hrs.<\/p>\n<p style=\"text-align: center;\"><strong>Correo:<\/strong><\/p>\n<p style=\"text-align: center;\">carlos.pimentel@guanajuato.gob.mx<\/p>\n<p style=\"text-align: center;\"><strong>Cobertura en los municipios de:<\/strong><\/p>\n<p style=\"text-align: center;\">(Guanajuato Capital, Romita, Silao, Dolores Hidalgo, San Felipe y Ocampo)<\/p>\n<p>[\/vc_column_text][\/vc_tta_section][vc_tta_section title=\u00bbIrapuato\u00bb tab_id=\u00bb1600752305100-90cc1c4f-7620&#8243;][vc_column_text]<\/p>\n<p style=\"text-align: center;\">Direcci\u00f3n Regional de Empleo\u00a0<strong>Irapuato<\/strong><\/p>\n<p style=\"text-align: center;\"><strong>Director:<\/strong><\/p>\n<p style=\"text-align: center;\">Lic. Juan Javier Banda Samaguey.<\/p>\n<p style=\"text-align: center;\"><strong>Direcci\u00f3n:<\/strong><\/p>\n<p style=\"text-align: center;\">Avenida siglo XXI #412, Planta baja, Predio Los Sauces<\/p>\n<p style=\"text-align: center;\"><strong>Tel\u00e9fonos:<\/strong><\/p>\n<p style=\"text-align: center;\">(462) 6074500 y 6074545. Ext: 5643, 44, 45 y 46.<\/p>\n<p style=\"text-align: center;\"><strong>Horarios de atenci\u00f3n:<\/strong><\/p>\n<p style=\"text-align: center;\">De lunes a viernes de 8:30 a 16:30 hrs.<\/p>\n<p style=\"text-align: center;\"><strong>Correo:<\/strong><\/p>\n<p style=\"text-align: center;\">jbandas@guanajuato.gob.mx<\/p>\n<p style=\"text-align: center;\"><strong>Cobertura en los municipios de:<\/strong><\/p>\n<p style=\"text-align: center;\">(Irapuato, Pueblo Nuevo, Abasolo, Huan\u00edmaro, Cuer\u00e1maro y P\u00e9njamo)<\/p>\n<p>[\/vc_column_text][\/vc_tta_section][vc_tta_section title=\u00bbLe\u00f3n\u00bb tab_id=\u00bb1600752324615-de27e083-6cde\u00bb][vc_column_text]<\/p>\n<p style=\"text-align: center;\">Direcci\u00f3n Regional Empleo\u00a0<strong>Le\u00f3n<\/strong><\/p>\n<p style=\"text-align: center;\"><strong>Director:<\/strong><\/p>\n<p style=\"text-align: center;\">Lic. Jessica Aranda Verver y Vargas<\/p>\n<p style=\"text-align: center;\"><strong>Direcci\u00f3n:<\/strong><\/p>\n<p style=\"text-align: center;\">Blvd. Delta No. 201, Piso 1, Col. Industrial Delta, C.P. 37545, Le\u00f3n, Guanajuato.<\/p>\n<p style=\"text-align: center;\"><strong>Tel\u00e9fonos:<\/strong><\/p>\n<p style=\"text-align: center;\">(477) 148-12-72.<\/p>\n<p style=\"text-align: center;\"><strong>Horarios de atenci\u00f3n:<\/strong><\/p>\n<p style=\"text-align: center;\">De lunes a viernes de 8:30 a 15:30 hrs.<\/p>\n<p style=\"text-align: center;\"><strong>Correo:<\/strong><\/p>\n<p style=\"text-align: center;\"><a href=\"mailto:jarandav@guanajuato.gob.mx\" target=\"_blank\" rel=\"noopener noreferrer\">jarandav@guanajuato.gob.mx<\/a><\/p>\n<p style=\"text-align: center;\"><strong>Cobertura en los municipios de:<\/strong><\/p>\n<p style=\"text-align: center;\">(Le\u00f3n, San Francisco del Rinc\u00f3n, Pur\u00edsima del Rinc\u00f3n y Manuel Doblado)<\/p>\n<p>[\/vc_column_text][\/vc_tta_section][vc_tta_section title=\u00bbSalamanca\u00bb tab_id=\u00bb1600752316812-9c69d713-746c\u00bb][vc_column_text]<\/p>\n<p style=\"text-align: center;\">Oficina de Empleo\u00a0<strong>Salamanca<\/strong><\/p>\n<p style=\"text-align: center;\"><strong>Jefe de Oficina de Empleo:<\/strong><\/p>\n<p style=\"text-align: center;\">Lic. Rene Oswaldo Ram\u00edrez Mendoza<\/p>\n<p style=\"text-align: center;\"><strong>Direcci\u00f3n:<\/strong><\/p>\n<p style=\"text-align: center;\">Morelos #405 Zona Centro.<\/p>\n<p style=\"text-align: center;\"><strong>Tel\u00e9fonos:<\/strong><\/p>\n<p style=\"text-align: center;\">(464) 647-0434 y 647-1984.<\/p>\n<p style=\"text-align: center;\"><strong>Horarios de atenci\u00f3n:<\/strong><\/p>\n<p style=\"text-align: center;\">De lunes a viernes de 8:30 a 16:30 hrs.<\/p>\n<p style=\"text-align: center;\"><strong>Correo:<\/strong><\/p>\n<p style=\"text-align: center;\">roramirez@guanajuato.gob.mx<\/p>\n<p style=\"text-align: center;\"><strong>Cobertura en los municipios de:<\/strong><\/p>\n<p style=\"text-align: center;\">(Salamanca, Juventino Rosas, Villagr\u00e1n, Valle de Santiago, Jaral del Progreso, Yuriria, Morole\u00f3n, Santiago Maravat\u00edo y Uriangato)<\/p>\n<p>[\/vc_column_text][\/vc_tta_section][vc_tta_section title=\u00bbSan Jos\u00e9 Iturbide\u00bb tab_id=\u00bb1600752327225-fbac413f-44e3&#8243;][vc_column_text]<\/p>\n<p style=\"text-align: center;\">Oficina de Empleo\u00a0<strong>San Jos\u00e9 Iturbide<\/strong><\/p>\n<p style=\"text-align: center;\"><strong>Jefe de Empleo:<\/strong><\/p>\n<p style=\"text-align: center;\">Lic. David Alejandro Audeves Gamba<\/p>\n<p style=\"text-align: center;\"><strong>Direcci\u00f3n:<\/strong><\/p>\n<p style=\"text-align: center;\">Morelos 15 A, zona centro<\/p>\n<p style=\"text-align: center;\"><strong>Tel\u00e9fonos:<\/strong><\/p>\n<p style=\"text-align: center;\">(419) 198-0538 y 198 0730<\/p>\n<p style=\"text-align: center;\"><strong>Horarios de atenci\u00f3n:<\/strong><\/p>\n<p style=\"text-align: center;\">De lunes a viernes de 8:30 a 16:30 hrs.<\/p>\n<p style=\"text-align: center;\"><strong>Correo:<\/strong><\/p>\n<p style=\"text-align: center;\">dgamba@guanajuato.gob.mx<\/p>\n<p style=\"text-align: center;\"><strong>Cobertura en los municipios de:<\/strong><\/p>\n<p style=\"text-align: center;\">(San Jos\u00e9 Iturbide, San Miguel de Allende, Tierra Blanca, Santa Catarina, Xich\u00fa, Atarjea, Doctor Mora, Victoria, San Luis de la Paz y San Diego de la Uni\u00f3n)<\/p>\n<p>[\/vc_column_text][\/vc_tta_section][vc_tta_section title=\u00bbValle de Santiago\u00bb tab_id=\u00bb1600817626232-ae56f41d-9fa7&#8243;][vc_column_text]<\/p>\n<p style=\"text-align: center;\">\u00a0Oficina de Empleo\u00a0<strong>Valle de Santiago<\/strong><\/p>\n<p style=\"text-align: center;\"><strong>Jefe de Oficina de Empleo:<\/strong><\/p>\n<p style=\"text-align: center;\">Lic. Rene Oswaldo Ram\u00edrez Mendoza<\/p>\n<p style=\"text-align: center;\"><strong>Direcci\u00f3n:<\/strong><\/p>\n<p style=\"text-align: center;\">Ju\u00e1rez #153, Zona Centro.<\/p>\n<p style=\"text-align: center;\"><strong>Tel\u00e9fonos:<\/strong><\/p>\n<p style=\"text-align: center;\">(456) 643-6796 y 643-6786<\/p>\n<p style=\"text-align: center;\"><strong>Horarios de atenci\u00f3n:<\/strong><\/p>\n<p style=\"text-align: center;\">De lunes a viernes de 8:30 a 16:30 hrs.<\/p>\n<p style=\"text-align: center;\"><strong>Correo:<\/strong><\/p>\n<p style=\"text-align: center;\">roramirez@guanajuato.gob.mx<\/p>\n<p>[\/vc_column_text][\/vc_tta_section][\/vc_tta_tabs][\/vc_column][\/vc_row]<\/p>\n","protected":false},"excerpt":{"rendered":"<p>[vc_row full_width=\u00bbstretch_row_content_no_spaces\u00bb css=\u00bb.vc_custom_1601173836376{margin-top: -38px !important;}\u00bb][vc_column][vc_single_image image=\u00bb1487&#8243; img_size=\u00bbfull\u00bb alignment=\u00bbcenter\u00bb][\/vc_column][\/vc_row][vc_row][vc_column][vc_single_image image=\u00bb491&#8243; img_size=\u00bbfull\u00bb alignment=\u00bbcenter\u00bb css_animation=\u00bbfadeInLeft\u00bb][vc_column_text css=\u00bb.vc_custom_1647234654987{margin-right: 50px !important;margin-left: 50px !important;}\u00bb] Acercar alternativas de trabajo para que la poblaci\u00f3n buscadora de empleo pueda vincularse de manera \u00e1gil y oportuna mediante la realizaci\u00f3n de eventos masivos que posibiliten que se encuentren oferentes y demandantes de empleo al mismo tiempo y [&hellip;]<\/p>\n","protected":false},"author":2,"featured_media":0,"parent":0,"menu_order":0,"comment_status":"closed","ping_status":"closed","template":"","meta":{"_mi_skip_tracking":false},"_links":{"self":[{"href":"https:\/\/sde.guanajuato.gob.mx\/sdes\/wp-json\/wp\/v2\/pages\/1483"}],"collection":[{"href":"https:\/\/sde.guanajuato.gob.mx\/sdes\/wp-json\/wp\/v2\/pages"}],"about":[{"href":"https:\/\/sde.guanajuato.gob.mx\/sdes\/wp-json\/wp\/v2\/types\/page"}],"author":[{"embeddable":true,"href":"https:\/\/sde.guanajuato.gob.mx\/sdes\/wp-json\/wp\/v2\/users\/2"}],"replies":[{"embeddable":true,"href":"https:\/\/sde.guanajuato.gob.mx\/sdes\/wp-json\/wp\/v2\/comments?post=1483"}],"version-history":[{"count":20,"href":"https:\/\/sde.guanajuato.gob.mx\/sdes\/wp-json\/wp\/v2\/pages\/1483\/revisions"}],"predecessor-version":[{"id":11088,"href":"https:\/\/sde.guanajuato.gob.mx\/sdes\/wp-json\/wp\/v2\/pages\/1483\/revisions\/11088"}],"wp:attachment":[{"href":"https:\/\/sde.guanajuato.gob.mx\/sdes\/wp-json\/wp\/v2\/media?parent=1483"}],"curies":[{"name":"wp","href":"https:\/\/api.w.org\/{rel}","templated":true}]}}