{"id":174,"date":"2020-09-21T22:42:32","date_gmt":"2020-09-21T22:42:32","guid":{"rendered":"http:\/\/201.147.235.102\/wordpress\/?page_id=174"},"modified":"2022-02-23T15:36:35","modified_gmt":"2022-02-23T21:36:35","slug":"invierte-en-gto","status":"publish","type":"page","link":"https:\/\/sde.guanajuato.gob.mx\/sdes\/programas\/invierte-en-gto\/","title":{"rendered":"Invierte en GTO"},"content":{"rendered":"<p>[vc_row full_width=\u00bbstretch_row_content_no_spaces\u00bb css=\u00bb.vc_custom_1601173311470{margin-top: -38px !important;}\u00bb][vc_column][vc_empty_space height=\u00bb10px\u00bb][vc_single_image image=\u00bb434&#8243; img_size=\u00bbfull\u00bb alignment=\u00bbcenter\u00bb][\/vc_column][\/vc_row][vc_row][vc_column width=\u00bb1\/2&#8243;][vc_single_image image=\u00bb396&#8243; img_size=\u00bbfull\u00bb alignment=\u00bbcenter\u00bb css_animation=\u00bbfadeInLeft\u00bb][vc_column_text css=\u00bb.vc_custom_1601253433272{margin-right: 50px !important;margin-left: 50px !important;}\u00bb]<\/p>\n<p style=\"text-align: center; font-size: 15px;\">Generaci\u00f3n de Nueva Inversi\u00f3n y Nuevos Empleos<\/p>\n<p>[\/vc_column_text][\/vc_column][vc_column width=\u00bb1\/2&#8243;][vc_single_image image=\u00bb397&#8243; img_size=\u00bbfull\u00bb alignment=\u00bbcenter\u00bb css_animation=\u00bbfadeInLeft\u00bb][vc_tta_accordion color=\u00bborange\u00bb active_section=\u00bb\u00bb][vc_tta_section title=\u00bb\u00bfA QUI\u00c9N VA DIRIGIDO?\u00bb tab_id=\u00bb1601174135765-a36e3a6d-01e3&#8243;][vc_column_text]<\/p>\n<p style=\"text-align: left;\">Inversionistas nacionales y extranjeros que tengan inter\u00e9s en instalar en el estado de Guanajuato un proyecto de inversi\u00f3n<\/p>\n<p>[\/vc_column_text][\/vc_tta_section][vc_tta_section title=\u00bbPERFILES\u00bb tab_id=\u00bb1601174135765-c5ccd97d-05b6&#8243;][vc_column_text]<\/p>\n<p style=\"text-align: left;\">Proyectos productivos, empresas o industrias para su instalaci\u00f3n, desarrollo y, operaci\u00f3n dentro del estado de Guanajuato; buscando la generaci\u00f3n de empleos directos y permanentes, la derrama econ\u00f3mica en el municipio o zona de que se trate, el fortalecimiento de la infraestructura industrial, comercial y de servicios; as\u00ed como desarrollo econ\u00f3mico equilibrado en todas las regiones del estado.<\/p>\n<p>[\/vc_column_text][\/vc_tta_section][vc_tta_section title=\u00bbBENEFICIOS\u00bb tab_id=\u00bb1601174458595-62a3668d-c9e7&#8243;][vc_column_text]<\/p>\n<section class=\"elementor-element elementor-element-b96c30e elementor-section-boxed elementor-section-height-default elementor-section-height-default elementor-section elementor-inner-section\" data-id=\"b96c30e\" data-element_type=\"section\">\n<div class=\"elementor-container elementor-column-gap-default\">\n<div class=\"elementor-row\">\n<div class=\"elementor-element elementor-element-74e3e44 elementor-column elementor-col-33 elementor-inner-column\" data-id=\"74e3e44\" data-element_type=\"column\">\n<div class=\"elementor-column-wrap elementor-element-populated\">\n<div class=\"elementor-widget-wrap\">\n<div class=\"elementor-element elementor-element-2d1f670 elementor-widget elementor-widget-text-editor\" data-id=\"2d1f670\" data-element_type=\"widget\" data-widget_type=\"text-editor.default\">\n<div class=\"elementor-widget-container\">\n<div class=\"elementor-text-editor elementor-clearfix\">\n<p>Recibir el incentivo en contraprestaci\u00f3n de los compromisos de inversi\u00f3n, empleo y erogaci\u00f3n del incentivo; siempre y cuando se firme un instrumento jur\u00eddico<\/p>\n<\/div>\n<\/div>\n<\/div>\n<\/div>\n<\/div>\n<\/div>\n<\/div>\n<\/div>\n<\/section>\n<div class=\"elementor-element elementor-element-d2e71d4 elementor-widget elementor-widget-spacer\" data-id=\"d2e71d4\" data-element_type=\"widget\" data-widget_type=\"spacer.default\">\n<div class=\"elementor-widget-container\">\n<div class=\"elementor-spacer\"><\/div>\n<\/div>\n<\/div>\n<p>[\/vc_column_text][\/vc_tta_section][vc_tta_section title=\u00bb\u00bfQU\u00c9 SECTOR ATIENDE?\u00bb tab_id=\u00bb1601174575136-ed1e9bbc-1fd1&#8243;][vc_column_text]Automotriz y Autopartes; Servicios; Alimentos Agroindustrial y Agropecauario; Plastico; Nuevas Tecnologias; Construccion,Ceramica y Materiales; Farmaceutico y Cosmetico; Industria en General; Metalmecanica; Quimico; Electrodomesticos; Tecnologias de la Informacion; Calzado y Proveeduria del Calzado; Textil y Confeccion y Proveeduria; Aeronautico[\/vc_column_text][\/vc_tta_section][vc_tta_section title=\u00bbPROCESO DE ATENCI\u00d3N\u00bb tab_id=\u00bb1601177418311-23b6a8bb-fa17&#8243;][vc_column_text]<\/p>\n<ol>\n<li>Presentaci\u00f3n de Plan de Negocios.<\/li>\n<li>Presentaci\u00f3n de Formato SAI-OAI-REG-01 Perfil de Proyecto.<\/li>\n<li>Evaluaci\u00f3n de Proyecto por parte de SDES.<\/li>\n<li>Presentaci\u00f3n de Proyecto en la Comisi\u00f3n de Atracci\u00f3n de Inversiones para Autorizaci\u00f3n de Apoyos.<\/li>\n<li>Firma de Convenio y Fianza.<\/li>\n<li>Entrega de Apoyos.<\/li>\n<li>Comprobaci\u00f3n de Cumplimiento de Metas por parte de la Empresa.<\/li>\n<li>En caso de Cumplimiento: Liberaci\u00f3n de Compromisos.<\/li>\n<\/ol>\n<p>[\/vc_column_text][\/vc_tta_section][\/vc_tta_accordion][\/vc_column][\/vc_row][vc_row][vc_column][vc_single_image image=\u00bb497&#8243; img_size=\u00bbfull\u00bb css_animation=\u00bbfadeInDown\u00bb][vc_column_text]<\/p>\n<p style=\"font-weight: 400;\">Los requisitos documentales para el acceso a los incentivos y\/o apoyos deber\u00e1n ser entregados a las personas servidoras p\u00fablicas adscritas a la Subsecretaria de Atracci\u00f3n de Inversiones.<\/p>\n<p style=\"font-weight: 400;\">Los requisitos principales entregados en original y\/o en forma electr\u00f3nica, son los siguientes:<\/p>\n<p>&nbsp;<\/p>\n<p><span style=\"color: #0000ff;\"><strong><strong>Para el Inversionista y\/o Empresas operadoras de proyectos de Inversi\u00f3n interesados:<\/strong><\/strong><\/span><\/p>\n<p>a) Perfil de Proyecto y\/o Presentaci\u00f3n ejecutiva y\/o Plan de negocios; este \u00faltimo podr\u00e1 incluir informaci\u00f3n del mercado al que va dirigido el proyecto y\/o descripci\u00f3n del producto y\/o lista de clientes y\/o proveedores y\/o an\u00e1lisis.<\/p>\n<p>&nbsp;<\/p>\n<p><span style=\"color: #0000ff;\"><strong><strong>Para el Inversionista y\/o Empresas operadoras de proyectos de Inversi\u00f3n que notifica verbal o por escrito la decisi\u00f3n de instalar su proyecto productivo en Guanajuato:<\/strong><\/strong><\/span><\/p>\n<p>a) Propuesta de Incentivos.<br \/>\nb) Carta de Satisfacci\u00f3n de Incentivos &amp; Servicio<br \/>\nc) Carta de Solicitud de Apoyo y\/o Carta de Solicitud de Apoyo &amp; Compromiso.<br \/>\nd) Actas Constitutivas y Poderes Legales.<br \/>\ne) Identificaci\u00f3n de la persona Representante Legal (INE y\/o Pasaporte y\/o Visado)<br \/>\nf) Inscripci\u00f3n en el Registro Federal de Contribuyentes.<br \/>\ng) Constancia de tr\u00e1mite de impacto ambiental y\/o de riesgo ambiental y\/o otros documentos que describan la situaci\u00f3n de los permisos ambientales de la empresa al momento de presentarse ante la Comisi\u00f3n de Atracci\u00f3n de Inversiones.<br \/>\nh) Convenio de Aportaci\u00f3n de Recursos Econ\u00f3micos anteriores en caso de que aplique.<br \/>\ni) Garant\u00edas, en caso de que aplique.<br \/>\nj) Datos bancarios para tr\u00e1mite de pago.<br \/>\nk) Factura (XML y CFDI) de acuerdo a normativa vigente por la Secretar\u00eda de Administraci\u00f3n Tributaria \u201cSAT\u201d; expedida a nombre de Gobierno del Estado de Guanajuato.<br \/>\nl) En caso de que aplique: Tarjetas de Seguimiento y\/o Carta de Liberaci\u00f3n y\/o Constancia de Cumplimiento.<br \/>\nm) Otros, que la Secretar\u00eda y\/o la Comisi\u00f3n consideren importantes.<\/p>\n<p>&nbsp;<\/p>\n<p style=\"font-weight: 400;\">Los plazos de entrega podr\u00e1n ser de enero a diciembre de cada a\u00f1o y podr\u00e1n efectuarse de manera electr\u00f3nica excepto la garant\u00eda en los casos en que aplique.<\/p>\n<p style=\"font-weight: 400;\">Los documentos f\u00edsicos deber\u00e1n ser entregados en las instalaciones de la Secretar\u00eda de Desarrollo Econ\u00f3mico Sustentable con domicilio en Centro de Gobierno ubicado en Avenida Siglo XXI, n\u00famero 412, S\u00e9ptimo Piso, Predio Los Sauces, C\u00f3digo Postal 36823, Irapuato, Guanajuato en un horario de lunes a viernes de 8:30 am a 4:30 pm.<\/p>\n<p style=\"font-weight: 400;\">Para archivos electr\u00f3nicos deber\u00e1n ser enviados por correo una vez que se establezca contacto con una de la persona representante del \u00e1rea de Atracci\u00f3n de Inversiones.<\/p>\n<p>[\/vc_column_text][\/vc_column][\/vc_row][vc_row][vc_column][vc_single_image image=\u00bb400&#8243; img_size=\u00bbfull\u00bb css_animation=\u00bbfadeInDown\u00bb][vc_btn title=\u00bbReglas de operaci\u00f3n\u00bb style=\u00bboutline-custom\u00bb outline_custom_color=\u00bb#000f9f\u00bb outline_custom_hover_background=\u00bbrgba(0,102,255,0.9)\u00bb outline_custom_hover_text=\u00bb#ffffff\u00bb align=\u00bbcenter\u00bb i_icon_fontawesome=\u00bbfar fa-file-alt\u00bb button_block=\u00bbtrue\u00bb add_icon=\u00bbtrue\u00bb link=\u00bburl:https%3A%2F%2Fsde.guanajuato.gob.mx%2Fsdes%2Fwp-content%2Fuploads%2F2022%2F01%2FGto-Me-Atrae-2022.pdf||target:%20_blank|\u00bb][\/vc_column][\/vc_row][vc_row][vc_column][vc_empty_space height=\u00bbpx\u00bb][vc_single_image image=\u00bb500&#8243; img_size=\u00bbfull\u00bb alignment=\u00bbcenter\u00bb css_animation=\u00bbfadeInDown\u00bb][\/vc_column][\/vc_row][vc_row content_placement=\u00bbmiddle\u00bb][vc_column][vc_column_text]<\/p>\n<p style=\"text-align: center;\"><span class=\"elementor-icon-list-text\">Francisco Aguilar Flores, Director de Atracci\u00f3n de Inversiones.<\/span><\/p>\n<p>&nbsp;<\/p>\n<p style=\"text-align: center;\"><i class=\"fa fa-envelope-o\" aria-hidden=\"true\"><\/i><span class=\"elementor-icon-list-text\">  faguilarf@guanajuato.gob.mx<\/span><\/p>\n<p>[\/vc_column_text][\/vc_column][\/vc_row][vc_row][vc_column][vc_single_image image=\u00bb525&#8243; img_size=\u00bbfull\u00bb alignment=\u00bbcenter\u00bb css_animation=\u00bbfadeInDown\u00bb][vc_gmaps link=\u00bb#E-8_JTNDaWZyYW1lJTIwc3JjJTNEJTIyaHR0cHMlM0ElMkYlMkZ3d3cuZ29vZ2xlLmNvbSUyRm1hcHMlMkZkJTJGZW1iZWQlM0ZtaWQlM0QxdjRLT3BJZVEwUFlULVhpSmVEOWdyT3NydnM4Sk5TRDElMjIlMjB3aWR0aCUzRCUyMjY0MCUyMiUyMGhlaWdodCUzRCUyMjQ4MCUyMiUzRSUzQyUyRmlmcmFtZSUzRQ==\u00bb][\/vc_column][\/vc_row]<\/p>\n","protected":false},"excerpt":{"rendered":"<p>[vc_row full_width=\u00bbstretch_row_content_no_spaces\u00bb css=\u00bb.vc_custom_1601173311470{margin-top: -38px !important;}\u00bb][vc_column][vc_empty_space height=\u00bb10px\u00bb][vc_single_image image=\u00bb434&#8243; img_size=\u00bbfull\u00bb alignment=\u00bbcenter\u00bb][\/vc_column][\/vc_row][vc_row][vc_column width=\u00bb1\/2&#8243;][vc_single_image image=\u00bb396&#8243; img_size=\u00bbfull\u00bb alignment=\u00bbcenter\u00bb css_animation=\u00bbfadeInLeft\u00bb][vc_column_text css=\u00bb.vc_custom_1601253433272{margin-right: 50px !important;margin-left: 50px !important;}\u00bb] Generaci\u00f3n de Nueva Inversi\u00f3n y Nuevos Empleos [\/vc_column_text][\/vc_column][vc_column width=\u00bb1\/2&#8243;][vc_single_image image=\u00bb397&#8243; img_size=\u00bbfull\u00bb alignment=\u00bbcenter\u00bb css_animation=\u00bbfadeInLeft\u00bb][vc_tta_accordion color=\u00bborange\u00bb active_section=\u00bb\u00bb][vc_tta_section title=\u00bb\u00bfA QUI\u00c9N VA DIRIGIDO?\u00bb tab_id=\u00bb1601174135765-a36e3a6d-01e3&#8243;][vc_column_text] Inversionistas nacionales y extranjeros que tengan inter\u00e9s en instalar en el estado de Guanajuato un proyecto [&hellip;]<\/p>\n","protected":false},"author":2,"featured_media":0,"parent":29,"menu_order":0,"comment_status":"closed","ping_status":"closed","template":"","meta":{"_mi_skip_tracking":false},"_links":{"self":[{"href":"https:\/\/sde.guanajuato.gob.mx\/sdes\/wp-json\/wp\/v2\/pages\/174"}],"collection":[{"href":"https:\/\/sde.guanajuato.gob.mx\/sdes\/wp-json\/wp\/v2\/pages"}],"about":[{"href":"https:\/\/sde.guanajuato.gob.mx\/sdes\/wp-json\/wp\/v2\/types\/page"}],"author":[{"embeddable":true,"href":"https:\/\/sde.guanajuato.gob.mx\/sdes\/wp-json\/wp\/v2\/users\/2"}],"replies":[{"embeddable":true,"href":"https:\/\/sde.guanajuato.gob.mx\/sdes\/wp-json\/wp\/v2\/comments?post=174"}],"version-history":[{"count":13,"href":"https:\/\/sde.guanajuato.gob.mx\/sdes\/wp-json\/wp\/v2\/pages\/174\/revisions"}],"predecessor-version":[{"id":1386,"href":"https:\/\/sde.guanajuato.gob.mx\/sdes\/wp-json\/wp\/v2\/pages\/174\/revisions\/1386"}],"up":[{"embeddable":true,"href":"https:\/\/sde.guanajuato.gob.mx\/sdes\/wp-json\/wp\/v2\/pages\/29"}],"wp:attachment":[{"href":"https:\/\/sde.guanajuato.gob.mx\/sdes\/wp-json\/wp\/v2\/media?parent=174"}],"curies":[{"name":"wp","href":"https:\/\/api.w.org\/{rel}","templated":true}]}}