{"id":381,"date":"2020-09-27T05:17:43","date_gmt":"2020-09-27T05:17:43","guid":{"rendered":"http:\/\/201.147.235.102\/wordpress\/?page_id=381"},"modified":"2026-03-20T09:02:06","modified_gmt":"2026-03-20T15:02:06","slug":"equipo-para-mi-autoempleo","status":"publish","type":"page","link":"https:\/\/sde.guanajuato.gob.mx\/sdes\/equipo-para-mi-autoempleo\/","title":{"rendered":"Proyectos Productivos Conf\u00edo en Ti"},"content":{"rendered":"<p>[vc_row full_width=\u00bbstretch_row_content_no_spaces\u00bb css=\u00bb.vc_custom_1601173836376{margin-top: -38px !important;}\u00bb][vc_column][vc_single_image image=\u00bb5705&#8243; img_size=\u00bbfull\u00bb alignment=\u00bbcenter\u00bb][\/vc_column][\/vc_row][vc_row][vc_column][vc_single_image image=\u00bb491&#8243; img_size=\u00bbfull\u00bb alignment=\u00bbcenter\u00bb css_animation=\u00bbfadeInLeft\u00bb][vc_column_text css=\u00bb.vc_custom_1743702183020{margin-right: 50px !important;margin-left: 50px !important;}\u00bb]Promover la diversificaci\u00f3n de ingresos para hombres y mujeres del Estado de Guanajuato en igualdad de condiciones, a trav\u00e9s de la entrega de mobiliario, maquinaria, equipo, herramienta o apoyo econ\u00f3mico monetario para la adquisici\u00f3n de bienes de equipo necesario en la operaci\u00f3n del Proyecto Productivo; como una pol\u00edtica p\u00fablica que apoye a la empleabilidad de las personas guanajuatenses.[\/vc_column_text][\/vc_column][\/vc_row][vc_row][vc_column width=\u00bb1\/2&#8243;][vc_empty_space height=\u00bb20px\u00bb][vc_single_image image=\u00bb1521&#8243; img_size=\u00bbfull\u00bb css_animation=\u00bbfadeInDown\u00bb][vc_column_text]Pueden realizar la solicitud del servicio las personas que tengan nacionalidad mexicana y sean mayores de edad, que tengan un proyecto productivo cuya actividad est\u00e9 enfocada en la transformaci\u00f3n de materia prima en producto terminado y\/o prestaci\u00f3n de un servicio que genere valor agregado, que cuenten con m\u00ednimo 6\u00a0 meses de experiencia en la actividad inherente al proceso y desarrollo del proyecto, el cual cumpla con caracter\u00edsticas y criterios establecidos en las Reglas de Operaci\u00f3n.[\/vc_column_text][\/vc_column][vc_column width=\u00bb1\/2&#8243;][vc_empty_space height=\u00bb20px\u00bb][vc_single_image image=\u00bb1529&#8243; img_size=\u00bbfull\u00bb css_animation=\u00bbfadeInDown\u00bb][vc_column_text]<\/p>\n<ol>\n<li><span style=\"color: #000000;\">Puedes acudir a la Coordinaci\u00f3n Regional de empleo m\u00e1s cercana, as\u00ed como a las\u00a0 dependencias y entidades estatales para recibir informaci\u00f3n del programa y apoyo en el\u00a0 llenado de tu solicitud. Tambi\u00e9n tienes la opci\u00f3n de realizar tu tr\u00e1mite directamente en la plataforma digital o, si lo prefieres, solicitar la asistencia de personal que te ayudar\u00e1 a capturar tu solicitud de manera correcta.<\/span><\/li>\n<li><span style=\"color: #000000;\">Esperar la visita de verificaci\u00f3n por parte del personal de la Direcci\u00f3n Regional de Empleo o Dependencias y Entidades Estatales Coadyuvantes.<\/span><\/li>\n<li><span style=\"color: #000000;\">Recibir notificaci\u00f3n de dictaminaci\u00f3n del Comit\u00e9 Interno de Evaluaci\u00f3n.<\/span><\/li>\n<li><span style=\"color: #000000;\">Recibir el equipamiento productivo junto con el Acta de Entrega \u2013 Recepci\u00f3n de Bienes en Custodia.<\/span><\/li>\n<\/ol>\n<p>[\/vc_column_text][\/vc_column][\/vc_row][vc_row][vc_column width=\u00bb1\/2&#8243;][vc_empty_space height=\u00bb20px\u00bb][vc_single_image image=\u00bb322&#8243; img_size=\u00bbfull\u00bb css_animation=\u00bbfadeInDown\u00bb][vc_column_text]Las personas solicitantes deber\u00e1n cumplir los siguientes requisitos:<\/p>\n<p>l. Ser persona mexicana residente en el Estado de Guanajuato y solicitante de apoyo del Programa.<\/p>\n<p>II. Tener 18 a\u00f1os o m\u00e1s.<\/p>\n<p>III. Tener conocimiento en las actividades inherentes al proceso y desarrollo de su Proyecto Productivo, refaccionamiento o prestaci\u00f3n de servicio propuesto. Lo cual se podr\u00e1 comprobar\u00a0 al momento de la realizaci\u00f3n de la visita f\u00edsica con el llenado del formato de visita de verificaci\u00f3n.<\/p>\n<p>IV. Contar con una Propuesta de Proyecto que cumpla con las caracter\u00edsticas y criterios establecidos en las presentes Reglas de Operaci\u00f3n.<\/p>\n<p>V. Disponer de un espacio f\u00edsico adecuado y con las condiciones necesarias para la operaci\u00f3n del proyecto, lo cual se verificar\u00e1 de manera f\u00edsica en el lugar propuesto del proyecto a trav\u00e9s del la visita de verificaci\u00f3n.<\/p>\n<p>VI. Disponer de por lo menos 40 horas a la semana para la atenci\u00f3n y desarrollo de las actividades inherentes al proyecto solicitado.<\/p>\n<p>VII. No estar laborando para alguna instituci\u00f3n p\u00fablica o privada, organismo o empresa que le imposibilite disponer del tiempo establecido en el punto anterior.<\/p>\n<p>VIII. No presentar alguna de las causas de restricci\u00f3n de apoyo descritos en el art\u00edculo 24, ni de exclusi\u00f3n descritas en el art\u00edculo 25.<\/p>\n<p>Las personas solicitantes que presenten alguna discapacidad deber\u00e1n presentar preferentemente resultados de evaluaci\u00f3n VALPAR.[\/vc_column_text][\/vc_column][vc_column width=\u00bb1\/2&#8243;][vc_empty_space height=\u00bb20px\u00bb][vc_single_image image=\u00bb324&#8243; img_size=\u00bbfull\u00bb css_animation=\u00bbfadeInDown\u00bb][vc_column_text]Las personas solicitantes deber\u00e1n entregar de manera f\u00edsica la siguiente documentaci\u00f3n:<\/p>\n<p>l. Solicitud.<\/p>\n<p>II. Copia simple de la identificaci\u00f3n oficial vigente emitida por el Instituto Nacional Electoral (INE) o la presentaci\u00f3n de la C\u00e9dula Profesional, Pasaporte, Cartilla del Servicio Militar Nacional, Licencia de Conducir.<\/p>\n<p>III. Copia simple de la Clave \u00danica de Registro de Poblaci\u00f3n (CURP).<\/p>\n<p>IV. Copia simple del comprobante actual de domicilio o el \u00faltimo expedido el cual deber\u00e1 ser de luz, agua, o carta de residencia emitida por alguna autoridad local o municipal; en caso de vivir en un lugar diferente al lugar donde funcionar\u00e1 el proyecto, el solicitante deber\u00e1 presentar ambos comprobantes de domicilio.<\/p>\n<p>V. Generar Propuesta de Proyecto, con informaci\u00f3n financiera, de mercado, precios de venta, costos, forma de comercializaci\u00f3n.<\/p>\n<p>VI. Concluir la visita de verificaci\u00f3n.<\/p>\n<p>VII. Proporcionar al menos una cotizaci\u00f3n de los bienes solicitados para el proyecto, preferentemente con una vigencia no mayor a 30 d\u00edas naturales, en moneda nacional, con la aceptaci\u00f3n de conformidad escrita en el documento y firma del solicitante.<\/p>\n<p>VIII. En caso de segundo Apoyo proporcionar copia simple de la Constancia de Situaci\u00f3n Fiscal con el giro preponderante de acuerdo con el primer Apoyo recibido y que exista compromiso de contrataci\u00f3n de al menos una persona, lo cual se comprobar\u00e1 mediante un contrato de trabajo en formato abierto; en caso de que la entrega haya sido a trav\u00e9s de la Tarjeta de Apoyo Monetario entregar comprobaci\u00f3n del equipamiento adquirido y se verifique su apropiada aplicaci\u00f3n por parte del personal de la Secretar\u00eda, adem\u00e1s de lo se\u00f1alado anteriormente.<\/p>\n<p>IX. Manifiesto de \u00abNo ser servidor p\u00fablico en alguno de los tres \u00f3rdenes de gobierno, ni de alguno de los Poderes de la Uni\u00f3n\u00bb.[\/vc_column_text][\/vc_column][\/vc_row][vc_row][vc_column width=\u00bb1\/2&#8243;][vc_single_image image=\u00bb325&#8243; img_size=\u00bbfull\u00bb][\/vc_column][vc_column width=\u00bb1\/2&#8243;][vc_single_image image=\u00bb326&#8243; img_size=\u00bbfull\u00bb][\/vc_column][\/vc_row][vc_row][vc_column width=\u00bb1\/2&#8243;][vc_btn title=\u00bbReglas de Operaci\u00f3n\u00bb style=\u00bboutline-custom\u00bb outline_custom_color=\u00bb#000f9f\u00bb outline_custom_hover_background=\u00bbrgba(0,102,255,0.9)\u00bb outline_custom_hover_text=\u00bb#ffffff\u00bb align=\u00bbcenter\u00bb i_icon_fontawesome=\u00bbfar fa-file-alt\u00bb button_block=\u00bbtrue\u00bb add_icon=\u00bbtrue\u00bb link=\u00bburl:https%3A%2F%2Fsde.guanajuato.gob.mx%2Fsdes%2Fwp-content%2Fuploads%2F2025%2F04%2FReglas-de-Operacion-QC3075.pdf||target:%20_blank|\u00bb][vc_btn title=\u00bbEmpleabilidad y Profesionalismo\u00bb style=\u00bboutline-custom\u00bb outline_custom_color=\u00bb#000f9f\u00bb outline_custom_hover_background=\u00bbrgba(0,102,255,0.9)\u00bb outline_custom_hover_text=\u00bb#ffffff\u00bb align=\u00bbcenter\u00bb i_icon_fontawesome=\u00bbfar fa-file-alt\u00bb button_block=\u00bbtrue\u00bb add_icon=\u00bbtrue\u00bb link=\u00bburl:https%3A%2F%2Fsde.guanajuato.gob.mx%2Fsdes%2Fwp-content%2Fuploads%2F2025%2F04%2FSEFL-PRC-19-Mi-Negocio-Contigo-Si-24-mayo-2024.pdf||target:%20_blank|\u00bb][vc_btn title=\u00bbAnexo II &#8211; Solicitud Guanajuato Gobierno de la Gente\u00bb style=\u00bboutline-custom\u00bb outline_custom_color=\u00bb#000f9f\u00bb outline_custom_hover_background=\u00bbrgba(0,102,255,0.9)\u00bb outline_custom_hover_text=\u00bb#ffffff\u00bb align=\u00bbcenter\u00bb i_icon_fontawesome=\u00bbfar fa-file-alt\u00bb button_block=\u00bbtrue\u00bb add_icon=\u00bbtrue\u00bb link=\u00bburl:https%3A%2F%2Fsde.guanajuato.gob.mx%2Fsdes%2Fwp-content%2Fuploads%2F2025%2F04%2FANEXO_II_SOLICITUD-GUANAJUATO-GOBIERNO-DE-LA-GENTE.docx||target:%20_blank|\u00bb][vc_column_text]<span style=\"color: #000000;\"><strong>NOTA:<\/strong> Todos nuestros tr\u00e1mites son gratuitos<\/span>[\/vc_column_text][\/vc_column][vc_column width=\u00bb1\/2&#8243;][vc_btn title=\u00bbRecomendaciones Ciudadanas\u00bb style=\u00bboutline-custom\u00bb outline_custom_color=\u00bb#000f9f\u00bb outline_custom_hover_background=\u00bbrgba(0,102,255,0.9)\u00bb outline_custom_hover_text=\u00bb#ffffff\u00bb align=\u00bbcenter\u00bb i_icon_fontawesome=\u00bbfar fa-file-alt\u00bb button_block=\u00bbtrue\u00bb add_icon=\u00bbtrue\u00bb link=\u00bburl:https%3A%2F%2Fsde.guanajuato.gob.mx%2Fsdes%2Fwp-content%2Fuploads%2F2021%2F11%2FSDES_recomendaciones-2020.pdf||target:%20_blank|\u00bb][vc_btn title=\u00bbPlan de Mejora, Evidencia de Atenci\u00f3n y Seguimiento a Recomendaciones\u00bb style=\u00bboutline-custom\u00bb outline_custom_color=\u00bb#000f9f\u00bb outline_custom_hover_background=\u00bbrgba(0,102,255,0.9)\u00bb outline_custom_hover_text=\u00bb#ffffff\u00bb align=\u00bbcenter\u00bb i_icon_fontawesome=\u00bbfar fa-file-alt\u00bb button_block=\u00bbtrue\u00bb add_icon=\u00bbtrue\u00bb link=\u00bburl:https%3A%2F%2Fsde.guanajuato.gob.mx%2Fsdes%2Fwp-content%2Fuploads%2F2021%2F11%2FPlan-de-Mejora-SDES-2020.pdf||target:%20_blank|\u00bb][\/vc_column][\/vc_row][vc_row][vc_column][vc_single_image image=\u00bb1527&#8243; img_size=\u00bbfull\u00bb alignment=\u00bbcenter\u00bb css_animation=\u00bbfadeInLeft\u00bb][vc_column_text css=\u00bb.vc_custom_1743702822295{margin-right: 50px !important;margin-left: 50px !important;}\u00bb]1. Ser mayor de edad y contar con la documentaci\u00f3n necesaria para iniciar el tr\u00e1mite, conforme al art\u00edculo 20 de las presentes Reglas de Operaci\u00f3n;<\/p>\n<p>2. Residir en el Estado de Guanajuato y que el lugar en que se ejecute el proyecto productivo se encuentre ubicado dentro del mismo;<\/p>\n<p>3. El proyecto productivo cuente con la viabilidad establecida en las presentes reglas de operaci\u00f3n.[\/vc_column_text][vc_empty_space height=\u00bb20px\u00bb][vc_single_image image=\u00bb332&#8243; img_size=\u00bbfull\u00bb alignment=\u00bbcenter\u00bb css_animation=\u00bbfadeInDown\u00bb][\/vc_column][\/vc_row][vc_row content_placement=\u00bbmiddle\u00bb][vc_column][vc_tta_tabs style=\u00bbmodern\u00bb color=\u00bborange\u00bb spacing=\u00bb3&#8243; active_section=\u00bb1&#8243; no_fill_content_area=\u00bbtrue\u00bb][vc_tta_section title=\u00bbCelaya\u00bb tab_id=\u00bb1600752322068-76f6150d-defd\u00bb][vc_column_text]<\/p>\n<p style=\"text-align: center;\">Direcci\u00f3n Regional de Empleo\u00a0<strong>Celaya<\/strong><\/p>\n<p style=\"text-align: center;\"><strong>Director:<\/strong><\/p>\n<p style=\"text-align: center;\">Mtro. Mariano Zavala D\u00edaz<\/p>\n<p style=\"text-align: center;\"><strong>Direcci\u00f3n:<\/strong><\/p>\n<p style=\"text-align: center;\">P\u00edpila esquina Ignacio Camargo 1er piso Edificio de Gobierno.<\/p>\n<p style=\"text-align: center;\"><strong>Tel\u00e9fonos:<\/strong><\/p>\n<p style=\"text-align: center;\">(461) 61 3 36 91 y (461) 61 2 09 55<\/p>\n<p style=\"text-align: center;\"><strong>Horarios de atenci\u00f3n:<\/strong><\/p>\n<p style=\"text-align: center;\">De lunes a viernes de 8:30 a 16:30 hrs.<\/p>\n<p style=\"text-align: center;\"><strong>Correo:<\/strong><\/p>\n<p style=\"text-align: center;\">mzavalad@guanajuato.gob.mx<\/p>\n<p style=\"text-align: center;\"><strong>Cobertura en los municipios de:<\/strong><\/p>\n<p style=\"text-align: center;\">(Celaya, Comonfort, Cortazar, Apaseo el Grande, Apaseo el Alto, Tarimoro, Salvatierra, Ac\u00e1mbaro, Jer\u00e9cuaro, Coroneo y Tarandacuao)<\/p>\n<p>[\/vc_column_text][\/vc_tta_section][vc_tta_section title=\u00bbGuanajuato\u00bb tab_id=\u00bb1600752305098-7f5df34f-bc4a\u00bb][vc_column_text]<\/p>\n<p style=\"text-align: center;\">Direcci\u00f3n Regional de Empleo\u00a0<strong>Guanajuato<\/strong><\/p>\n<p style=\"text-align: center;\"><strong>Director:<\/strong><\/p>\n<p style=\"text-align: center;\">C.P. Carlos Enrique Pimentel Faes<\/p>\n<p style=\"text-align: center;\"><strong>Direcci\u00f3n:<\/strong><\/p>\n<p style=\"text-align: center;\">Galarza #. 88 Planta baja Zona centro.<\/p>\n<p style=\"text-align: center;\"><strong>Tel\u00e9fonos:<\/strong><\/p>\n<p style=\"text-align: center;\">(473) 732-2984 y 732-4943.<\/p>\n<p style=\"text-align: center;\"><strong>Horarios de atenci\u00f3n:<\/strong><\/p>\n<p style=\"text-align: center;\">De lunes a viernes de 8:30 a 16:30 hrs.<\/p>\n<p style=\"text-align: center;\"><strong>Correo:<\/strong><\/p>\n<p style=\"text-align: center;\">carlos.pimentel@guanajuato.gob.mx<\/p>\n<p style=\"text-align: center;\"><strong>Cobertura en los municipios de:<\/strong><\/p>\n<p style=\"text-align: center;\">(Guanajuato Capital, Romita, Silao, Dolores Hidalgo, San Felipe y Ocampo)<\/p>\n<p>[\/vc_column_text][\/vc_tta_section][vc_tta_section title=\u00bbIrapuato\u00bb tab_id=\u00bb1600752305100-90cc1c4f-7620&#8243;][vc_column_text]<\/p>\n<p style=\"text-align: center;\">Direcci\u00f3n Regional de Empleo\u00a0<strong>Irapuato<\/strong><\/p>\n<p style=\"text-align: center;\"><strong>Director:<\/strong><\/p>\n<p style=\"text-align: center;\">Lic. Juan Javier Banda Samaguey.<\/p>\n<p style=\"text-align: center;\"><strong>Direcci\u00f3n:<\/strong><\/p>\n<p style=\"text-align: center;\">Avenida siglo XXI #412, Planta baja, Predio Los Sauces<\/p>\n<p style=\"text-align: center;\"><strong>Tel\u00e9fonos:<\/strong><\/p>\n<p style=\"text-align: center;\">(462) 6074500 y 6074545. Ext: 5643, 44, 45 y 46.<\/p>\n<p style=\"text-align: center;\"><strong>Horarios de atenci\u00f3n:<\/strong><\/p>\n<p style=\"text-align: center;\">De lunes a viernes de 8:30 a 16:30 hrs.<\/p>\n<p style=\"text-align: center;\"><strong>Correo:<\/strong><\/p>\n<p style=\"text-align: center;\">jbandas@guanajuato.gob.mx<\/p>\n<p style=\"text-align: center;\"><strong>Cobertura en los municipios de:<\/strong><\/p>\n<p style=\"text-align: center;\">(Irapuato, Pueblo Nuevo, Abasolo, Huan\u00edmaro, Cuer\u00e1maro y P\u00e9njamo)<\/p>\n<p>[\/vc_column_text][\/vc_tta_section][vc_tta_section title=\u00bbLe\u00f3n\u00bb tab_id=\u00bb1600752324615-de27e083-6cde\u00bb][vc_column_text]<\/p>\n<p style=\"text-align: center;\">Direcci\u00f3n Regional Empleo\u00a0<strong>Le\u00f3n<\/strong><\/p>\n<p style=\"text-align: center;\"><strong>Director\/a:<\/strong><\/p>\n<p style=\"text-align: center;\">Lic. Jessica Aranda Verver y Vargas<\/p>\n<p style=\"text-align: center;\"><strong>Direcci\u00f3n:<\/strong><\/p>\n<p style=\"text-align: center;\">Blvd. Delta No. 201, Piso 1, Col. Industrial Delta, C.P. 37545, Le\u00f3n, Guanajuato.<\/p>\n<p style=\"text-align: center;\"><strong>Tel\u00e9fonos:<\/strong><\/p>\n<p style=\"text-align: center;\">(477) 148-12-72.<\/p>\n<p style=\"text-align: center;\"><strong>Horarios de atenci\u00f3n:<\/strong><\/p>\n<p style=\"text-align: center;\">De lunes a viernes de 8:30 a 15:30 hrs.<\/p>\n<p style=\"text-align: center;\"><strong>Correo:<\/strong><\/p>\n<p style=\"text-align: center;\"><a href=\"mailto:jarandav@guanajuato.gob.mx\" target=\"_blank\" rel=\"noopener noreferrer\">jarandav@guanajuato.gob.mx<\/a><\/p>\n<p style=\"text-align: center;\"><strong>Cobertura en los municipios de:<\/strong><\/p>\n<p style=\"text-align: center;\">(Le\u00f3n, San Francisco del Rinc\u00f3n, Pur\u00edsima del Rinc\u00f3n y Manuel Doblado)<\/p>\n<p>[\/vc_column_text][\/vc_tta_section][vc_tta_section title=\u00bbSalamanca\u00bb tab_id=\u00bb1600752316812-9c69d713-746c\u00bb][vc_column_text]<\/p>\n<p style=\"text-align: center;\">Oficina de Empleo\u00a0<strong>Salamanca<\/strong><\/p>\n<p style=\"text-align: center;\"><strong>Jefe de Oficina de Empleo:<\/strong><\/p>\n<p style=\"text-align: center;\">Lic. Rene Oswaldo Ram\u00edrez Mendoza<\/p>\n<p style=\"text-align: center;\"><strong>Direcci\u00f3n:<\/strong><\/p>\n<p style=\"text-align: center;\">Morelos #405 Zona Centro.<\/p>\n<p style=\"text-align: center;\"><strong>Tel\u00e9fonos:<\/strong><\/p>\n<p style=\"text-align: center;\">(464) 647-0434 y 647-1984.<\/p>\n<p style=\"text-align: center;\"><strong>Horarios de atenci\u00f3n:<\/strong><\/p>\n<p style=\"text-align: center;\">De lunes a viernes de 8:30 a 16:30 hrs.<\/p>\n<p style=\"text-align: center;\"><strong>Correo:<\/strong><\/p>\n<p style=\"text-align: center;\">roramirez@guanajuato.gob.mx<\/p>\n<p style=\"text-align: center;\"><strong>Cobertura en los municipios de:<\/strong><\/p>\n<p style=\"text-align: center;\">(Salamanca, Juventino Rosas, Villagr\u00e1n, Valle de Santiago, Jaral del Progreso, Yuriria, Morole\u00f3n, Santiago Maravat\u00edo y Uriangato)<\/p>\n<p>[\/vc_column_text][\/vc_tta_section][vc_tta_section title=\u00bbSan Jos\u00e9 Iturbide\u00bb tab_id=\u00bb1600752327225-fbac413f-44e3&#8243;][vc_column_text]<\/p>\n<p style=\"text-align: center;\">Oficina de Empleo\u00a0<strong>San Jos\u00e9 Iturbide<\/strong><\/p>\n<p style=\"text-align: center;\"><strong>Jefe de Empleo:<\/strong><\/p>\n<p style=\"text-align: center;\">Lic. David Alejandro Audeves Gamba<\/p>\n<p style=\"text-align: center;\"><strong>Direcci\u00f3n:<\/strong><\/p>\n<p style=\"text-align: center;\">Morelos 15 A, zona centro<\/p>\n<p style=\"text-align: center;\"><strong>Tel\u00e9fonos:<\/strong><\/p>\n<p style=\"text-align: center;\">(419) 198-0538 y 198 0730<\/p>\n<p style=\"text-align: center;\"><strong>Horarios de atenci\u00f3n:<\/strong><\/p>\n<p style=\"text-align: center;\">De lunes a viernes de 8:30 a 16:30 hrs.<\/p>\n<p style=\"text-align: center;\"><strong>Correo:<\/strong><\/p>\n<p style=\"text-align: center;\">dgamba@guanajuato.gob.mx<\/p>\n<p style=\"text-align: center;\"><strong>Cobertura en los municipios de:<\/strong><\/p>\n<p style=\"text-align: center;\">(San Jos\u00e9 Iturbide, San Miguel de Allende, Tierra Blanca, Santa Catarina, Xich\u00fa, Atarjea, Doctor Mora, Victoria, San Luis de la Paz y San Diego de la Uni\u00f3n)<\/p>\n<p>[\/vc_column_text][\/vc_tta_section][vc_tta_section title=\u00bbValle de Santiago\u00bb tab_id=\u00bb1600817626232-ae56f41d-9fa7&#8243;][vc_column_text]<\/p>\n<p style=\"text-align: center;\">Oficina de Empleo\u00a0<strong>Valle de Santiago<\/strong><\/p>\n<p style=\"text-align: center;\"><strong>Jefe de Oficina de Empleo:<\/strong><\/p>\n<p style=\"text-align: center;\">Lic. Rene Oswaldo Ram\u00edrez Mendoza<\/p>\n<p style=\"text-align: center;\"><strong>Direcci\u00f3n:<\/strong><\/p>\n<p style=\"text-align: center;\">Ju\u00e1rez #153, Zona Centro.<\/p>\n<p style=\"text-align: center;\"><strong>Tel\u00e9fonos:<\/strong><\/p>\n<p style=\"text-align: center;\">(456) 643-6796 y 643-6786<\/p>\n<p style=\"text-align: center;\"><strong>Horarios de atenci\u00f3n:<\/strong><\/p>\n<p style=\"text-align: center;\">De lunes a viernes de 8:30 a 16:30 hrs.<\/p>\n<p style=\"text-align: center;\"><strong>Correo:<\/strong><\/p>\n<p style=\"text-align: center;\">roramirez@guanajuato.gob.mx<\/p>\n<p>[\/vc_column_text][\/vc_tta_section][\/vc_tta_tabs][\/vc_column][\/vc_row]<\/p>\n","protected":false},"excerpt":{"rendered":"<p>[vc_row full_width=\u00bbstretch_row_content_no_spaces\u00bb css=\u00bb.vc_custom_1601173836376{margin-top: -38px !important;}\u00bb][vc_column][vc_single_image image=\u00bb5705&#8243; img_size=\u00bbfull\u00bb alignment=\u00bbcenter\u00bb][\/vc_column][\/vc_row][vc_row][vc_column][vc_single_image image=\u00bb491&#8243; img_size=\u00bbfull\u00bb alignment=\u00bbcenter\u00bb css_animation=\u00bbfadeInLeft\u00bb][vc_column_text css=\u00bb.vc_custom_1743702183020{margin-right: 50px !important;margin-left: 50px !important;}\u00bb]Promover la diversificaci\u00f3n de ingresos para hombres y mujeres del Estado de Guanajuato en igualdad de condiciones, a trav\u00e9s de la entrega de mobiliario, maquinaria, equipo, herramienta o apoyo econ\u00f3mico monetario para la adquisici\u00f3n de bienes de equipo necesario [&hellip;]<\/p>\n","protected":false},"author":2,"featured_media":0,"parent":0,"menu_order":0,"comment_status":"closed","ping_status":"closed","template":"","meta":{"_mi_skip_tracking":false},"_links":{"self":[{"href":"https:\/\/sde.guanajuato.gob.mx\/sdes\/wp-json\/wp\/v2\/pages\/381"}],"collection":[{"href":"https:\/\/sde.guanajuato.gob.mx\/sdes\/wp-json\/wp\/v2\/pages"}],"about":[{"href":"https:\/\/sde.guanajuato.gob.mx\/sdes\/wp-json\/wp\/v2\/types\/page"}],"author":[{"embeddable":true,"href":"https:\/\/sde.guanajuato.gob.mx\/sdes\/wp-json\/wp\/v2\/users\/2"}],"replies":[{"embeddable":true,"href":"https:\/\/sde.guanajuato.gob.mx\/sdes\/wp-json\/wp\/v2\/comments?post=381"}],"version-history":[{"count":55,"href":"https:\/\/sde.guanajuato.gob.mx\/sdes\/wp-json\/wp\/v2\/pages\/381\/revisions"}],"predecessor-version":[{"id":11089,"href":"https:\/\/sde.guanajuato.gob.mx\/sdes\/wp-json\/wp\/v2\/pages\/381\/revisions\/11089"}],"wp:attachment":[{"href":"https:\/\/sde.guanajuato.gob.mx\/sdes\/wp-json\/wp\/v2\/media?parent=381"}],"curies":[{"name":"wp","href":"https:\/\/api.w.org\/{rel}","templated":true}]}}